{"id":39,"date":"2024-09-05T21:44:19","date_gmt":"2024-09-05T19:44:19","guid":{"rendered":"https:\/\/bajacountryclub.com\/?page_id=39"},"modified":"2025-01-31T10:30:03","modified_gmt":"2025-01-31T09:30:03","slug":"development","status":"publish","type":"page","link":"https:\/\/bajacountryclub.com\/en\/development\/","title":{"rendered":"Development"},"content":{"rendered":"<div data-elementor-type=\"wp-page\" data-elementor-id=\"39\" class=\"elementor elementor-39\" data-elementor-post-type=\"page\">\n\t\t\t\t<div class=\"elementor-element elementor-element-9885f00 e-con-full e-flex e-con e-parent\" data-id=\"9885f00\" data-element_type=\"container\" data-settings=\"{&quot;background_background&quot;:&quot;classic&quot;}\">\n\t\t<div class=\"elementor-element elementor-element-444ac67 e-flex e-con-boxed e-con e-child\" data-id=\"444ac67\" data-element_type=\"container\">\n\t\t\t\t\t<div class=\"e-con-inner\">\n\t\t\t\t<div class=\"elementor-element elementor-element-59a0970 elementor-widget elementor-widget-heading\" data-id=\"59a0970\" data-element_type=\"widget\" data-widget_type=\"heading.default\">\n\t\t\t\t<div class=\"elementor-widget-container\">\n\t\t\t\t\t<h2 class=\"elementor-heading-title elementor-size-default\">AN AWE-INSPIRING <\/BR>\nDEVELOPMENT<\/h2>\t\t\t\t<\/div>\n\t\t\t\t<\/div>\n\t\t\t\t\t<\/div>\n\t\t\t\t<\/div>\n\t\t<div class=\"elementor-element elementor-element-61f4baf e-con-full elementor-hidden-mobile e-flex e-con e-child\" data-id=\"61f4baf\" data-element_type=\"container\" data-settings=\"{&quot;position&quot;:&quot;absolute&quot;}\">\n\t\t\t\t<div class=\"elementor-element elementor-element-55a57cd elementor-widget elementor-widget-button\" data-id=\"55a57cd\" data-element_type=\"widget\" data-widget_type=\"button.default\">\n\t\t\t\t<div class=\"elementor-widget-container\">\n\t\t\t\t\t\t\t\t\t<div class=\"elementor-button-wrapper\">\n\t\t\t\t\t<a class=\"elementor-button elementor-button-link elementor-size-sm\" href=\"#seccion1\">\n\t\t\t\t\t\t<span class=\"elementor-button-content-wrapper\">\n\t\t\t\t\t\t<span class=\"elementor-button-icon\">\n\t\t\t\t<svg aria-hidden=\"true\" class=\"e-font-icon-svg e-fas-angle-down\" viewbox=\"0 0 320 512\" xmlns=\"http:\/\/www.w3.org\/2000\/svg\"><path d=\"M143 352.3L7 216.3c-9.4-9.4-9.4-24.6 0-33.9l22.6-22.6c9.4-9.4 24.6-9.4 33.9 0l96.4 96.4 96.4-96.4c9.4-9.4 24.6-9.4 33.9 0l22.6 22.6c9.4 9.4 9.4 24.6 0 33.9l-136 136c-9.2 9.4-24.4 9.4-33.8 0z\"><\/path><\/svg>\t\t\t<\/span>\n\t\t\t\t\t\t\t\t\t<span class=\"elementor-button-text\">Scroll down<\/span>\n\t\t\t\t\t<\/span>\n\t\t\t\t\t<\/a>\n\t\t\t\t<\/div>\n\t\t\t\t\t\t\t\t<\/div>\n\t\t\t\t<\/div>\n\t\t\t\t<\/div>\n\t\t\t\t<\/div>\n\t\t<div class=\"elementor-element elementor-element-2098276 e-flex e-con-boxed e-con e-parent\" data-id=\"2098276\" data-element_type=\"container\" id=\"seccion1\" data-settings=\"{&quot;background_background&quot;:&quot;classic&quot;}\">\n\t\t\t\t\t<div class=\"e-con-inner\">\n\t\t<div class=\"elementor-element elementor-element-b42e171 e-con-full e-flex e-con e-child\" data-id=\"b42e171\" data-element_type=\"container\">\n\t\t\t\t<div class=\"elementor-element elementor-element-5ccf679 elementor-widget elementor-widget-heading\" data-id=\"5ccf679\" data-element_type=\"widget\" data-widget_type=\"heading.default\">\n\t\t\t\t<div class=\"elementor-widget-container\">\n\t\t\t\t\t<h2 class=\"elementor-heading-title elementor-size-default\">An awe-inspiring development, builded by a solid and\ntrustworthy company<\/h2>\t\t\t\t<\/div>\n\t\t\t\t<\/div>\n\t\t\t\t<div class=\"elementor-element elementor-element-ec44fe4 elementor-widget elementor-widget-text-editor\" data-id=\"ec44fe4\" data-element_type=\"widget\" data-widget_type=\"text-editor.default\">\n\t\t\t\t<div class=\"elementor-widget-container\">\n\t\t\t\t\t\t\t\t\t<p class=\"mt-4 aos-init aos-animate\" data-aos=\"fade-in\" data-aos-duration=\"8000\">Baja Country Club is a charming private residential development comprised of 250 acres of land in the vibrant and beautiful port city of Ensenada B.C. Mexico.<\/p><p class=\"aos-init aos-animate\" data-aos=\"fade-in\" data-aos-duration=\"8000\">The only residential development in Ensenada to feature an 18 hole, par 72 championship golf course, golf practice areas, club house, pro shop and a snack bar. Controlled access and 24 hour surveillance, perimeter wall, family and recreational areas for residents only including: Children and adult swimming pools, Jacuzzi, gym, outdoor grills, multiple use courts, children playground and social events areas. Baja Country Club has experienced many changes and growth since its acquisition by the grupo Marena del Pac\u00edfico S.A. de C.V. A Baja Californian company of extraordinary professional record; more than 25 years of experience in the development of exclusive and luxury real estate properties in the Mexican northwest region.<\/p><div><p class=\"aos-init aos-animate\" data-aos=\"fade-in\" data-aos-duration=\"8000\">A few of their latest and most successful developments include \u201cClub Marena\u201d a luxury beach development in Rosarito Baja California; also \u201cCasa de Campo\u201d a contemporary urban condominium tower in Tijuana Baja California and currently fully backing a country living residential complex such as \u201cBaja Country Club\u201d in the port city of Ensenada Baja California Mexico.<\/p><p class=\"aos-init aos-animate\" data-aos=\"fade-in\" data-aos-duration=\"8000\">The strength and success of each and every one of Marena\u2019s group developments resides in satisfying the needs and specific taste of the most discerning clients through an unrivalled attention to detail.<\/p><\/div>\t\t\t\t\t\t\t\t<\/div>\n\t\t\t\t<\/div>\n\t\t<div class=\"elementor-element elementor-element-e91cb1d e-con-full e-flex e-con e-child\" data-id=\"e91cb1d\" data-element_type=\"container\">\n\t\t\t\t<div class=\"elementor-element elementor-element-79c63b0 elementor-widget elementor-widget-image\" data-id=\"79c63b0\" data-element_type=\"widget\" data-widget_type=\"image.default\">\n\t\t\t\t<div class=\"elementor-widget-container\">\n\t\t\t\t\t\t\t\t\t\t\t\t\t\t\t<img alt=\"\" fetchpriority=\"high\" decoding=\"async\" width=\"399\" height=\"262\" src=\"https:\/\/bajacountryclub.com\/wp-content\/uploads\/2024\/09\/dev-1.8b5abaa6.jpg\" class=\"attachment-large size-large wp-image-232\" srcset=\"https:\/\/bajacountryclub.com\/wp-content\/uploads\/2024\/09\/dev-1.8b5abaa6.jpg.webp 399w, https:\/\/bajacountryclub.com\/wp-content\/uploads\/2024\/09\/dev-1.8b5abaa6-300x197.jpg.webp 300w\" sizes=\"(max-width: 399px) 100vw, 399px\" \/>\t\t\t\t\t\t\t\t\t\t\t\t\t\t\t<\/div>\n\t\t\t\t<\/div>\n\t\t\t\t<div class=\"elementor-element elementor-element-46a8278 elementor-widget elementor-widget-image\" data-id=\"46a8278\" data-element_type=\"widget\" data-widget_type=\"image.default\">\n\t\t\t\t<div class=\"elementor-widget-container\">\n\t\t\t\t\t\t\t\t\t\t\t\t\t\t\t<img alt=\"\" decoding=\"async\" width=\"634\" height=\"264\" src=\"https:\/\/bajacountryclub.com\/wp-content\/uploads\/2024\/09\/dev-2.60211c83.jpg\" class=\"attachment-large size-large wp-image-233\" srcset=\"https:\/\/bajacountryclub.com\/wp-content\/uploads\/2024\/09\/dev-2.60211c83.jpg.webp 634w, https:\/\/bajacountryclub.com\/wp-content\/uploads\/2024\/09\/dev-2.60211c83-300x125.jpg.webp 300w\" sizes=\"(max-width: 634px) 100vw, 634px\" \/>\t\t\t\t\t\t\t\t\t\t\t\t\t\t\t<\/div>\n\t\t\t\t<\/div>\n\t\t\t\t<\/div>\n\t\t\t\t<\/div>\n\t\t\t\t\t<\/div>\n\t\t\t\t<\/div>\n\t\t<div class=\"elementor-element elementor-element-04e8a67 e-flex e-con-boxed e-con e-parent\" data-id=\"04e8a67\" data-element_type=\"container\" data-settings=\"{&quot;background_background&quot;:&quot;classic&quot;}\">\n\t\t\t\t\t<div class=\"e-con-inner\">\n\t\t<div class=\"elementor-element elementor-element-3996974 e-con-full e-flex e-con e-child\" data-id=\"3996974\" data-element_type=\"container\">\n\t\t\t\t<div class=\"elementor-element elementor-element-1c9cd18 elementor-widget elementor-widget-heading\" data-id=\"1c9cd18\" data-element_type=\"widget\" data-widget_type=\"heading.default\">\n\t\t\t\t<div class=\"elementor-widget-container\">\n\t\t\t\t\t<h2 class=\"elementor-heading-title elementor-size-default\">Masterplan; A Project in harmony with nature<\/h2>\t\t\t\t<\/div>\n\t\t\t\t<\/div>\n\t\t\t\t<div class=\"elementor-element elementor-element-a6a35a7 elementor-widget elementor-widget-text-editor\" data-id=\"a6a35a7\" data-element_type=\"widget\" data-widget_type=\"text-editor.default\">\n\t\t\t\t<div class=\"elementor-widget-container\">\n\t\t\t\t\t\t\t\t\t<p class=\"mt-4 aos-init aos-animate\" data-aos=\"fade-in\" data-aos-duration=\"8000\">Grupo Marena del Pac\u00edfico S.A. de C.V. has designed an ambitious master plan for the development of Baja Country Club and its 250 acres of land that incorporate the following:<\/p><p class=\"aos-init aos-animate\" data-aos=\"fade-in\" data-aos-duration=\"8000\">A residential complex of 583 lots around a championship golf course (next to the fairways and on the mountain side) for the construction of 4 different home models in several sections and stages of the development; also, two mega lots: 10 acres and 2.5 acres approximately.<\/p><p class=\"aos-init aos-animate\" data-aos=\"fade-in\" data-aos-duration=\"8000\">In addition, family and recreational areas for residents only, ecological preserve areas, lakes, golf course, commercial and services areas.<\/p><p class=\"aos-init aos-animate\" data-aos=\"fade-in\" data-aos-duration=\"8000\">The conceived master plan will surely and constantly assure the growth in value of your estate in time.<\/p>\t\t\t\t\t\t\t\t<\/div>\n\t\t\t\t<\/div>\n\t\t\t\t<div class=\"elementor-element elementor-element-5395a25 elementor-widget elementor-widget-image\" data-id=\"5395a25\" data-element_type=\"widget\" data-widget_type=\"image.default\">\n\t\t\t\t<div class=\"elementor-widget-container\">\n\t\t\t\t\t\t\t\t\t\t\t\t\t\t\t<img alt=\"\" decoding=\"async\" width=\"1038\" height=\"331\" src=\"https:\/\/bajacountryclub.com\/wp-content\/uploads\/2024\/09\/masterplan.3831231c.jpg\" class=\"attachment-full size-full wp-image-239\" srcset=\"https:\/\/bajacountryclub.com\/wp-content\/uploads\/2024\/09\/masterplan.3831231c.jpg.webp 1038w, https:\/\/bajacountryclub.com\/wp-content\/uploads\/2024\/09\/masterplan.3831231c-300x96.jpg.webp 300w, https:\/\/bajacountryclub.com\/wp-content\/uploads\/2024\/09\/masterplan.3831231c-1024x327.jpg.webp 1024w, https:\/\/bajacountryclub.com\/wp-content\/uploads\/2024\/09\/masterplan.3831231c-768x245.jpg.webp 768w\" sizes=\"(max-width: 1038px) 100vw, 1038px\" \/>\t\t\t\t\t\t\t\t\t\t\t\t\t\t\t<\/div>\n\t\t\t\t<\/div>\n\t\t\t\t<\/div>\n\t\t\t\t\t<\/div>\n\t\t\t\t<\/div>\n\t\t<div class=\"elementor-element elementor-element-bd6ecaf e-flex e-con-boxed e-con e-parent\" data-id=\"bd6ecaf\" data-element_type=\"container\" data-settings=\"{&quot;background_background&quot;:&quot;classic&quot;}\">\n\t\t\t\t\t<div class=\"e-con-inner\">\n\t\t<div class=\"elementor-element elementor-element-4ec55f7 e-con-full e-flex e-con e-child\" data-id=\"4ec55f7\" data-element_type=\"container\">\n\t\t\t\t<div class=\"elementor-element elementor-element-2038f8e elementor-widget elementor-widget-heading\" data-id=\"2038f8e\" data-element_type=\"widget\" data-widget_type=\"heading.default\">\n\t\t\t\t<div class=\"elementor-widget-container\">\n\t\t\t\t\t<h2 class=\"elementor-heading-title elementor-size-default\">Future Projects<\/h2>\t\t\t\t<\/div>\n\t\t\t\t<\/div>\n\t\t\t\t<div class=\"elementor-element elementor-element-f802922 elementor-widget elementor-widget-text-editor\" data-id=\"f802922\" data-element_type=\"widget\" data-widget_type=\"text-editor.default\">\n\t\t\t\t<div class=\"elementor-widget-container\">\n\t\t\t\t\t\t\t\t\t<p>According to the Baja Country Club\u2019s master plan, as well as the commitment of the developer Grupo Marena, in providing the market with the highest quality products and services, there are many important projects scheduled for development in the near future in Baja Country Club:<\/p>\t\t\t\t\t\t\t\t<\/div>\n\t\t\t\t<\/div>\n\t\t\t\t<\/div>\n\t\t\t\t\t<\/div>\n\t\t\t\t<\/div>\n\t\t<div class=\"elementor-element elementor-element-0a34ebe e-flex e-con-boxed e-con e-parent\" data-id=\"0a34ebe\" data-element_type=\"container\">\n\t\t\t\t\t<div class=\"e-con-inner\">\n\t\t<div class=\"elementor-element elementor-element-a2be1fc e-con-full e-flex e-con e-child\" data-id=\"a2be1fc\" data-element_type=\"container\">\n\t\t\t\t<div class=\"elementor-element elementor-element-d66e4d8 elementor-widget elementor-widget-heading\" data-id=\"d66e4d8\" data-element_type=\"widget\" data-widget_type=\"heading.default\">\n\t\t\t\t<div class=\"elementor-widget-container\">\n\t\t\t\t\t<h2 class=\"elementor-heading-title elementor-size-default\">Spa<\/h2>\t\t\t\t<\/div>\n\t\t\t\t<\/div>\n\t\t\t\t<div class=\"elementor-element elementor-element-0b6ad2f elementor-widget elementor-widget-text-editor\" data-id=\"0b6ad2f\" data-element_type=\"widget\" data-widget_type=\"text-editor.default\">\n\t\t\t\t<div class=\"elementor-widget-container\">\n\t\t\t\t\t\t\t\t\t<p>Among such future projects there is a luxurious and fully equipped Spa in the works. It will offer residents and visitors alike a wide array of treatments, massages and traditional as well as cutting edge therapies in a peaceful and relaxing atmosphere provided by the beautiful and pleasant views of the golf course directly from its massage rooms.<\/p>\t\t\t\t\t\t\t\t<\/div>\n\t\t\t\t<\/div>\n\t\t\t\t<\/div>\n\t\t<div class=\"elementor-element elementor-element-ed7e9a8 e-con-full e-flex e-con e-child\" data-id=\"ed7e9a8\" data-element_type=\"container\">\n\t\t\t\t<div class=\"elementor-element elementor-element-7d4edd6 elementor-widget elementor-widget-image\" data-id=\"7d4edd6\" data-element_type=\"widget\" data-widget_type=\"image.default\">\n\t\t\t\t<div class=\"elementor-widget-container\">\n\t\t\t\t\t\t\t\t\t\t\t\t\t\t\t<img alt=\"\" loading=\"lazy\" decoding=\"async\" width=\"417\" height=\"318\" src=\"https:\/\/bajacountryclub.com\/wp-content\/uploads\/2024\/09\/Spa.ad8258c7.jpg\" class=\"attachment-large size-large wp-image-244\" srcset=\"https:\/\/bajacountryclub.com\/wp-content\/uploads\/2024\/09\/Spa.ad8258c7.jpg.webp 417w, https:\/\/bajacountryclub.com\/wp-content\/uploads\/2024\/09\/Spa.ad8258c7-300x229.jpg.webp 300w\" sizes=\"(max-width: 417px) 100vw, 417px\" \/>\t\t\t\t\t\t\t\t\t\t\t\t\t\t\t<\/div>\n\t\t\t\t<\/div>\n\t\t\t\t<\/div>\n\t\t\t\t\t<\/div>\n\t\t\t\t<\/div>\n\t\t<div class=\"elementor-element elementor-element-aeb9292 e-flex e-con-boxed e-con e-parent\" data-id=\"aeb9292\" data-element_type=\"container\">\n\t\t\t\t\t<div class=\"e-con-inner\">\n\t\t<div class=\"elementor-element elementor-element-eeaf0c3 e-con-full e-flex e-con e-child\" data-id=\"eeaf0c3\" data-element_type=\"container\">\n\t\t\t\t<div class=\"elementor-element elementor-element-324ed0e elementor-widget elementor-widget-heading\" data-id=\"324ed0e\" data-element_type=\"widget\" data-widget_type=\"heading.default\">\n\t\t\t\t<div class=\"elementor-widget-container\">\n\t\t\t\t\t<h2 class=\"elementor-heading-title elementor-size-default\">HOTEL<\/h2>\t\t\t\t<\/div>\n\t\t\t\t<\/div>\n\t\t\t\t<div class=\"elementor-element elementor-element-3d66c7c elementor-widget elementor-widget-text-editor\" data-id=\"3d66c7c\" data-element_type=\"widget\" data-widget_type=\"text-editor.default\">\n\t\t\t\t<div class=\"elementor-widget-container\">\n\t\t\t\t\t\t\t\t\t<p>Baja Country Club truly is a wonderful residential valley where you can appreciate and experience life amidst nature on a daily basis; reason why all visitors that come and play a few rounds of golf and spend the day enjoying the calm and beauty of the surrounding environment demand accommodations to extend their stay. In response to those demands, there are plans to build a low impact boutique hotel that\u2019s sustainable and friendly to the surrounding lakes, and native flora and fauna that distinguish this natural sanctuary.<\/p>\t\t\t\t\t\t\t\t<\/div>\n\t\t\t\t<\/div>\n\t\t\t\t<\/div>\n\t\t<div class=\"elementor-element elementor-element-e04c47d e-con-full e-flex e-con e-child\" data-id=\"e04c47d\" data-element_type=\"container\">\n\t\t\t\t<div class=\"elementor-element elementor-element-ea7da86 elementor-widget__width-initial elementor-widget elementor-widget-image\" data-id=\"ea7da86\" data-element_type=\"widget\" data-widget_type=\"image.default\">\n\t\t\t\t<div class=\"elementor-widget-container\">\n\t\t\t\t\t\t\t\t\t\t\t\t\t\t\t<img alt=\"\" loading=\"lazy\" decoding=\"async\" width=\"417\" height=\"316\" src=\"https:\/\/bajacountryclub.com\/wp-content\/uploads\/2024\/09\/Hotel.890bdbda.jpg\" class=\"attachment-full size-full wp-image-245\" srcset=\"https:\/\/bajacountryclub.com\/wp-content\/uploads\/2024\/09\/Hotel.890bdbda.jpg.webp 417w, https:\/\/bajacountryclub.com\/wp-content\/uploads\/2024\/09\/Hotel.890bdbda-300x227.jpg.webp 300w\" sizes=\"(max-width: 417px) 100vw, 417px\" \/>\t\t\t\t\t\t\t\t\t\t\t\t\t\t\t<\/div>\n\t\t\t\t<\/div>\n\t\t\t\t<\/div>\n\t\t\t\t\t<\/div>\n\t\t\t\t<\/div>\n\t\t<div class=\"elementor-element elementor-element-88993a0 e-flex e-con-boxed e-con e-parent\" data-id=\"88993a0\" data-element_type=\"container\" data-settings=\"{&quot;background_background&quot;:&quot;classic&quot;}\">\n\t\t\t\t\t<div class=\"e-con-inner\">\n\t\t<div class=\"elementor-element elementor-element-3afb0b3 e-con-full e-flex e-con e-child\" data-id=\"3afb0b3\" data-element_type=\"container\">\n\t\t\t\t<div class=\"elementor-element elementor-element-f845be9 elementor-widget elementor-widget-heading\" data-id=\"f845be9\" data-element_type=\"widget\" data-widget_type=\"heading.default\">\n\t\t\t\t<div class=\"elementor-widget-container\">\n\t\t\t\t\t<h2 class=\"elementor-heading-title elementor-size-default\">WINE CELLAR<\/h2>\t\t\t\t<\/div>\n\t\t\t\t<\/div>\n\t\t\t\t<div class=\"elementor-element elementor-element-afbc9cd elementor-widget elementor-widget-text-editor\" data-id=\"afbc9cd\" data-element_type=\"widget\" data-widget_type=\"text-editor.default\">\n\t\t\t\t<div class=\"elementor-widget-container\">\n\t\t\t\t\t\t\t\t\t<p class=\"mt-4 aos-init aos-animate\" data-aos=\"fade-in\" data-aos-duration=\"8000\">It just makes sense to plan the construction of a wine cellar in Baja Country Club given that in the nearby wine county we find the Guadalupe, San Antonio de las Minas and Santo Tom\u00e1s valleys which produce the finest wines in Mexico today.<\/p><p class=\"pb-0 aos-init aos-animate\" data-aos=\"fade-in\" data-aos-duration=\"8000\">Our residents and visitors will be able to enjoy in our cellar the most exciting and exquisite regional varietals also, store their own labels in optimal conditions in order to toast every time a special moment arises.<\/p>\t\t\t\t\t\t\t\t<\/div>\n\t\t\t\t<\/div>\n\t\t\t\t<\/div>\n\t\t<div class=\"elementor-element elementor-element-308ea2c e-con-full e-flex e-con e-child\" data-id=\"308ea2c\" data-element_type=\"container\">\n\t\t\t\t<div class=\"elementor-element elementor-element-96b225e elementor-widget elementor-widget-image\" data-id=\"96b225e\" data-element_type=\"widget\" data-widget_type=\"image.default\">\n\t\t\t\t<div class=\"elementor-widget-container\">\n\t\t\t\t\t\t\t\t\t\t\t\t\t\t\t<img alt=\"\" loading=\"lazy\" decoding=\"async\" width=\"418\" height=\"338\" src=\"https:\/\/bajacountryclub.com\/wp-content\/uploads\/2024\/09\/Winecellar.7bb5716b.jpg\" class=\"attachment-large size-large wp-image-246\" srcset=\"https:\/\/bajacountryclub.com\/wp-content\/uploads\/2024\/09\/Winecellar.7bb5716b.jpg.webp 418w, https:\/\/bajacountryclub.com\/wp-content\/uploads\/2024\/09\/Winecellar.7bb5716b-300x243.jpg.webp 300w\" sizes=\"(max-width: 418px) 100vw, 418px\" \/>\t\t\t\t\t\t\t\t\t\t\t\t\t\t\t<\/div>\n\t\t\t\t<\/div>\n\t\t\t\t<\/div>\n\t\t\t\t\t<\/div>\n\t\t\t\t<\/div>\n\t\t\t\t<\/div>","protected":false},"excerpt":{"rendered":"<p>UN DESARROLLO DE ASOMBRO DESPLAZAR Un desarrollo de asombro, respaldado por una empresa s\u00f3lida y confiable Baja Country Club es un encantador desarrollo residencial privado, de 100 hect\u00e1reas de extensi\u00f3n en el puerto de Ensenada B.C. M\u00e9xico. El \u00fanico residencial en el puerto de Ensenada que cuenta con un campo de golf de campeonato de [&hellip;]<\/p>","protected":false},"author":1,"featured_media":0,"parent":0,"menu_order":0,"comment_status":"closed","ping_status":"closed","template":"elementor_header_footer","meta":{"_seopress_robots_primary_cat":"","_seopress_titles_title":"","_seopress_titles_desc":"","_seopress_robots_index":"","footnotes":""},"class_list":["post-39","page","type-page","status-publish","hentry"],"_links":{"self":[{"href":"https:\/\/bajacountryclub.com\/en\/wp-json\/wp\/v2\/pages\/39","targetHints":{"allow":["GET"]}}],"collection":[{"href":"https:\/\/bajacountryclub.com\/en\/wp-json\/wp\/v2\/pages"}],"about":[{"href":"https:\/\/bajacountryclub.com\/en\/wp-json\/wp\/v2\/types\/page"}],"author":[{"embeddable":true,"href":"https:\/\/bajacountryclub.com\/en\/wp-json\/wp\/v2\/users\/1"}],"replies":[{"embeddable":true,"href":"https:\/\/bajacountryclub.com\/en\/wp-json\/wp\/v2\/comments?post=39"}],"version-history":[{"count":25,"href":"https:\/\/bajacountryclub.com\/en\/wp-json\/wp\/v2\/pages\/39\/revisions"}],"predecessor-version":[{"id":858,"href":"https:\/\/bajacountryclub.com\/en\/wp-json\/wp\/v2\/pages\/39\/revisions\/858"}],"wp:attachment":[{"href":"https:\/\/bajacountryclub.com\/en\/wp-json\/wp\/v2\/media?parent=39"}],"curies":[{"name":"wp","href":"https:\/\/api.w.org\/{rel}","templated":true}]}}